{"id":2643,"date":"2025-09-11T12:04:02","date_gmt":"2025-09-11T10:04:02","guid":{"rendered":"https:\/\/demo.alenmultimedia.es\/emao\/?page_id=2643"},"modified":"2026-02-19T19:24:13","modified_gmt":"2026-02-19T18:24:13","slug":"biblioteca","status":"publish","type":"page","link":"https:\/\/demo.alenmultimedia.es\/emao\/biblioteca\/","title":{"rendered":"Biblioteca"},"content":{"rendered":"\t\t<div data-elementor-type=\"wp-page\" data-elementor-id=\"2643\" class=\"elementor elementor-2643\" data-elementor-post-type=\"page\">\n\t\t\t\t<div class=\"elementor-element elementor-element-93685eb e-flex e-con-boxed e-con e-parent\" data-id=\"93685eb\" data-element_type=\"container\" data-settings=\"{&quot;background_background&quot;:&quot;classic&quot;}\">\n\t\t\t\t\t<div class=\"e-con-inner\">\n\t\t\t\t<div class=\"elementor-element elementor-element-dc27ca5 elementor-widget elementor-widget-spacer\" data-id=\"dc27ca5\" data-element_type=\"widget\" data-widget_type=\"spacer.default\">\n\t\t\t\t<div class=\"elementor-widget-container\">\n\t\t\t\t\t\t\t<div class=\"elementor-spacer\">\n\t\t\t<div class=\"elementor-spacer-inner\"><\/div>\n\t\t<\/div>\n\t\t\t\t\t\t<\/div>\n\t\t\t\t<\/div>\n\t\t\t\t<div class=\"elementor-element elementor-element-8bb228b elementor-widget__width-initial elementor-widget elementor-widget-image\" data-id=\"8bb228b\" data-element_type=\"widget\" data-widget_type=\"image.default\">\n\t\t\t\t<div class=\"elementor-widget-container\">\n\t\t\t\t\t\t\t\t\t\t\t\t\t\t\t<img fetchpriority=\"high\" decoding=\"async\" width=\"1000\" height=\"495\" src=\"https:\/\/demo.alenmultimedia.es\/emao\/wp-content\/uploads\/2026\/01\/DSC09686.jpg\" class=\"attachment-large size-large wp-image-6159\" alt=\"\" srcset=\"https:\/\/demo.alenmultimedia.es\/emao\/wp-content\/uploads\/2026\/01\/DSC09686.jpg 1000w, https:\/\/demo.alenmultimedia.es\/emao\/wp-content\/uploads\/2026\/01\/DSC09686-300x149.jpg 300w, https:\/\/demo.alenmultimedia.es\/emao\/wp-content\/uploads\/2026\/01\/DSC09686-768x380.jpg 768w, https:\/\/demo.alenmultimedia.es\/emao\/wp-content\/uploads\/2026\/01\/DSC09686-320x158.jpg 320w, https:\/\/demo.alenmultimedia.es\/emao\/wp-content\/uploads\/2026\/01\/DSC09686-480x238.jpg 480w, https:\/\/demo.alenmultimedia.es\/emao\/wp-content\/uploads\/2026\/01\/DSC09686-800x396.jpg 800w, https:\/\/demo.alenmultimedia.es\/emao\/wp-content\/uploads\/2026\/01\/DSC09686-100x50.jpg 100w\" sizes=\"(max-width: 1000px) 100vw, 1000px\" \/>\t\t\t\t\t\t\t\t\t\t\t\t\t\t\t<\/div>\n\t\t\t\t<\/div>\n\t\t\t\t\t<\/div>\n\t\t\t\t<\/div>\n\t\t<div class=\"elementor-element elementor-element-3b09a14 e-con-full e-flex e-con e-parent\" data-id=\"3b09a14\" data-element_type=\"container\" data-settings=\"{&quot;background_background&quot;:&quot;classic&quot;}\">\n\t\t<div class=\"elementor-element elementor-element-468f1f9 e-con-full e-flex e-con e-child\" data-id=\"468f1f9\" data-element_type=\"container\" data-settings=\"{&quot;background_background&quot;:&quot;classic&quot;}\">\n\t\t\t\t<\/div>\n\t\t<div class=\"elementor-element elementor-element-cdfa656 e-con-full e-flex e-con e-child\" data-id=\"cdfa656\" data-element_type=\"container\">\n\t\t\t\t<div class=\"elementor-element elementor-element-fa39ffc elementor-widget elementor-widget-spacer\" data-id=\"fa39ffc\" data-element_type=\"widget\" data-widget_type=\"spacer.default\">\n\t\t\t\t<div class=\"elementor-widget-container\">\n\t\t\t\t\t\t\t<div class=\"elementor-spacer\">\n\t\t\t<div class=\"elementor-spacer-inner\"><\/div>\n\t\t<\/div>\n\t\t\t\t\t\t<\/div>\n\t\t\t\t<\/div>\n\t\t\t\t<div class=\"elementor-element elementor-element-0ccfe96 elementor-widget elementor-widget-text-editor\" data-id=\"0ccfe96\" data-element_type=\"widget\" data-widget_type=\"text-editor.default\">\n\t\t\t\t<div class=\"elementor-widget-container\">\n\t\t\t\t\t\t\t\t\t<p style=\"text-align: left;\">A orixe da actual Biblioteca P\u00fablica Garc\u00eda Barb\u00f3n est\u00e1 estreitamente vinculada cos obxectivos perseguidos coa creaci\u00f3n da Escola de Artes e Oficios por unha sociedade de artes\u00e1ns chamada \u201cA Cooperativa\u201d, en 1886. Esta sociedade recolle unha vella reivindicaci\u00f3n das sociedades obreiras e agrarias que crearon na cidade a sensibilidade necesaria para o establecemento dun centro \u201c&#8230; <em>que se ocupase de formar ao artes\u00e1n nas artes e os <\/em><em>oficios, completar a s\u00faa formaci\u00f3n a mi\u00fado deficiente e perfeccionalos na t\u00e9cnica das s\u00faas respectivas profesi\u00f3ns\u201d.<\/em><\/p><p style=\"text-align: left;\">Desde 1892 temos noticia da existencia dunha pequena biblioteca na primeira sede da Escola, na antiga r\u00faa do Circo (actual Eduardo Iglesias) que contaba con poucos volumes e estaba destinada ao uso exclusivo de alumnos e profesores.<\/p><p style=\"text-align: left;\">Cando Jos\u00e9 Garc\u00eda Barb\u00f3n doa o novo edificio decide instalar no mesmo unha biblioteca non s\u00f3 para os usuarios da Escola sen\u00f3n tam\u00e9n para o p\u00fablico de Vigo en xeral. A Biblioteca inaug\u00farase solemnemente o 19 de marzo de 1901, e a direcci\u00f3n da Escola prop\u00f3n ao Concello o nome de \u201cBiblioteca Garc\u00eda Barb\u00f3n\u201d, que conserva ata a actualidade.<\/p>\t\t\t\t\t\t\t\t<\/div>\n\t\t\t\t<\/div>\n\t\t\t\t<\/div>\n\t\t\t\t<\/div>\n\t\t<div class=\"elementor-element elementor-element-204f4a4 e-con-full e-flex e-con e-parent\" data-id=\"204f4a4\" data-element_type=\"container\" data-settings=\"{&quot;background_background&quot;:&quot;classic&quot;}\">\n\t\t<div class=\"elementor-element elementor-element-0028afe e-con-full e-flex e-con e-child\" data-id=\"0028afe\" data-element_type=\"container\">\n\t\t\t\t<div class=\"elementor-element elementor-element-b5ec09b elementor-widget elementor-widget-spacer\" data-id=\"b5ec09b\" data-element_type=\"widget\" data-widget_type=\"spacer.default\">\n\t\t\t\t<div class=\"elementor-widget-container\">\n\t\t\t\t\t\t\t<div class=\"elementor-spacer\">\n\t\t\t<div class=\"elementor-spacer-inner\"><\/div>\n\t\t<\/div>\n\t\t\t\t\t\t<\/div>\n\t\t\t\t<\/div>\n\t\t\t\t<div class=\"elementor-element elementor-element-4b76928 elementor-widget elementor-widget-text-editor\" data-id=\"4b76928\" data-element_type=\"widget\" data-widget_type=\"text-editor.default\">\n\t\t\t\t<div class=\"elementor-widget-container\">\n\t\t\t\t\t\t\t\t\t<p>A colecci\u00f3n inicial estaba formada por 2.000 volumes que inclu\u00edan os libros que xa ti\u00f1a a Escola m\u00e1is os adquiridos polo propio Garc\u00eda Barb\u00f3n coa intenci\u00f3n de crear a base dunha verdadeira biblioteca de cultura xeral. Esta colecci\u00f3n acada pronto os 5.000 volumes grazas aos donativos dalgunhas instituci\u00f3ns e tam\u00e9n de particulares.<\/p><p>A extraordinaria relevancia desta biblioteca radicaba no feito de non ser s\u00f3 a biblioteca dun centro de ensino sen\u00f3n que ata 1943 que se inaugura a Biblioteca Municipal foi a \u00fanica biblioteca p\u00fablica que tivo a cidade de Vigo.<\/p><p>En 1926 a biblioteca contaba con 11.500 exemplares e 5.855 lectores. Acud\u00edan a ela os alumnos de Artes e Oficios, da Escola Industrial, a Escola de Comercio, as\u00ed como o p\u00fablico en xeral. Coa Guerra Civil e o establecemento da Ditadura comeza unha etapa escura na que se aplica a depuraci\u00f3n, a censura e as listaxes de libros prohibidos.<\/p><p>Os anos 40 son uns anos de dificultades das que non escapa nin a Escola nin a Biblioteca; \u00e9 habitual atopar nas memorias anuais referencias a proxectos de futuro para mellorar o servizo que a Biblioteca ofrece aos seus usuarios.<\/p><p>O 3 de novembro de 1950 apr\u00f3base a creaci\u00f3n da Hemeroteca Municipal \u201cFernando Conde Dom\u00ednguez\u201d, realidade que non foi efectiva ata 1961 en que pode ampliarse por fin o espazo dedicado a biblioteca.<\/p><p>No ano 1961 a Biblioteca \u00e9 reinaugurada, o que en realidade \u00e9 un traslado aos novos espazos que actualmente ocupa.<\/p>\t\t\t\t\t\t\t\t<\/div>\n\t\t\t\t<\/div>\n\t\t\t\t<\/div>\n\t\t<div class=\"elementor-element elementor-element-a9b7ed1 e-con-full e-flex e-con e-child\" data-id=\"a9b7ed1\" data-element_type=\"container\" data-settings=\"{&quot;background_background&quot;:&quot;classic&quot;}\">\n\t\t\t\t<\/div>\n\t\t\t\t<\/div>\n\t\t<div class=\"elementor-element elementor-element-062ef52 e-flex e-con-boxed e-con e-parent\" data-id=\"062ef52\" data-element_type=\"container\">\n\t\t\t\t\t<div class=\"e-con-inner\">\n\t\t<div class=\"elementor-element elementor-element-1d4b196 e-flex e-con-boxed e-con e-child\" data-id=\"1d4b196\" data-element_type=\"container\">\n\t\t\t\t\t<div class=\"e-con-inner\">\n\t\t\t\t<div class=\"elementor-element elementor-element-1bd33d4 elementor-widget elementor-widget-heading\" data-id=\"1bd33d4\" data-element_type=\"widget\" data-widget_type=\"heading.default\">\n\t\t\t\t<div class=\"elementor-widget-container\">\n\t\t\t\t\t<h2 class=\"elementor-heading-title elementor-size-default\">A Biblioteca na Actualidade<\/h2>\t\t\t\t<\/div>\n\t\t\t\t<\/div>\n\t\t\t\t<div class=\"elementor-element elementor-element-f80d5bb elementor-widget__width-initial elementor-widget elementor-widget-text-editor\" data-id=\"f80d5bb\" data-element_type=\"widget\" data-widget_type=\"text-editor.default\">\n\t\t\t\t<div class=\"elementor-widget-container\">\n\t\t\t\t\t\t\t\t\t<p style=\"text-align: left;\">No ano 2007 comeza unha nova etapa para a nosa biblioteca; o reto \u00e9 importante. A biblioteca de comezos do s\u00e9culo XXI xa pouco ten que ver coa biblioteca de finais do s\u00e9culo XX. O uso da internet e as redes sociais abren a biblioteca a un p\u00fablico m\u00e1is amplo e variado, e faise necesaria a adaptaci\u00f3n dos servizos, funci\u00f3ns e actividades aos novos tempos.<\/p>\t\t\t\t\t\t\t\t<\/div>\n\t\t\t\t<\/div>\n\t\t\t\t\t<\/div>\n\t\t\t\t<\/div>\n\t\t<div class=\"elementor-element elementor-element-827127a e-con-full e-flex e-con e-child\" data-id=\"827127a\" data-element_type=\"container\">\n\t\t\t\t<div class=\"elementor-element elementor-element-1e74262 elementor-widget__width-initial elementor-widget elementor-widget-image\" data-id=\"1e74262\" data-element_type=\"widget\" data-widget_type=\"image.default\">\n\t\t\t\t<div class=\"elementor-widget-container\">\n\t\t\t\t\t\t\t\t\t\t\t\t\t\t\t<img decoding=\"async\" width=\"1024\" height=\"576\" src=\"https:\/\/demo.alenmultimedia.es\/emao\/wp-content\/uploads\/2025\/09\/Foto-biblio-6-1024x576.jpg\" class=\"attachment-large size-large wp-image-2669\" alt=\"\" srcset=\"https:\/\/demo.alenmultimedia.es\/emao\/wp-content\/uploads\/2025\/09\/Foto-biblio-6-1024x576.jpg 1024w, https:\/\/demo.alenmultimedia.es\/emao\/wp-content\/uploads\/2025\/09\/Foto-biblio-6-300x169.jpg 300w, https:\/\/demo.alenmultimedia.es\/emao\/wp-content\/uploads\/2025\/09\/Foto-biblio-6-768x432.jpg 768w, https:\/\/demo.alenmultimedia.es\/emao\/wp-content\/uploads\/2025\/09\/Foto-biblio-6-1536x864.jpg 1536w, https:\/\/demo.alenmultimedia.es\/emao\/wp-content\/uploads\/2025\/09\/Foto-biblio-6-2048x1152.jpg 2048w, https:\/\/demo.alenmultimedia.es\/emao\/wp-content\/uploads\/2025\/09\/Foto-biblio-6-320x180.jpg 320w, https:\/\/demo.alenmultimedia.es\/emao\/wp-content\/uploads\/2025\/09\/Foto-biblio-6-480x270.jpg 480w, https:\/\/demo.alenmultimedia.es\/emao\/wp-content\/uploads\/2025\/09\/Foto-biblio-6-800x450.jpg 800w, https:\/\/demo.alenmultimedia.es\/emao\/wp-content\/uploads\/2025\/09\/Foto-biblio-6-100x56.jpg 100w, https:\/\/demo.alenmultimedia.es\/emao\/wp-content\/uploads\/2025\/09\/Foto-biblio-6-1424x801.jpg 1424w\" sizes=\"(max-width: 1024px) 100vw, 1024px\" \/>\t\t\t\t\t\t\t\t\t\t\t\t\t\t\t<\/div>\n\t\t\t\t<\/div>\n\t\t\t\t<div class=\"elementor-element elementor-element-63dae15 elementor-widget elementor-widget-text-editor\" data-id=\"63dae15\" data-element_type=\"widget\" data-widget_type=\"text-editor.default\">\n\t\t\t\t<div class=\"elementor-widget-container\">\n\t\t\t\t\t\t\t\t\t<p><a href=\"http:\/\/www.opacmeiga.rbgalicia.org\/Biblioteca.aspx?CodigoBiblioteca=POB026\"><span style=\"color: #eabc34;\"><strong>O FONDO HIST\u00d3RICO<\/strong><\/span><\/a><strong style=\"color: #eabc34;\">:<\/strong> as publicaci\u00f3ns m\u00e1is antigas rem\u00f3ntanse ao s\u00e9culo XVI. Neste fondo incl\u00faense ademais dos fondos cos que se dotou \u00e1 Escola nos seus primeiros anos de vida, outras colecci\u00f3ns de diferente procedencia:<br \/>&#8211; Biblioteca P\u00fablica Garc\u00eda Barb\u00f3n,<br \/>&#8211; Hemeroteca Fernando Conde Dom\u00ednguez,<br \/>&#8211; Biblioteca do Casino de Vigo,<br \/>&#8211; E outras doaz\u00f3ns persoais e institucionais.<br \/>Este fondo pode verse incrementado nun futuro pola incorporaci\u00f3n de novos legados, o que depender\u00e1 da s\u00faa adecuaci\u00f3n ao esp\u00edrito e \u00e1s caracter\u00edsticas desta Biblioteca. Na actualidade conta con m\u00e1is de 5.700 rexistros bibliogr\u00e1ficos e 430 t\u00edtulos de revistas (estes son datos aproximados pois a\u00ednda hai bastante material bibliogr\u00e1fico por catalogar).<\/p><p><a href=\"http:\/\/www.opacmeiga.rbgalicia.org\/Biblioteca.aspx?CodigoBiblioteca=POB030\"><strong style=\"color: #eabc34;\">O FONDO MODERNO<\/strong><\/a> \u00e9 a colecci\u00f3n formada polas obras adquiridas nos \u00faltimos anos. Formado por todo tipo de publicaci\u00f3ns (monograf\u00edas, publicaci\u00f3ns peri\u00f3dicas, obras de referencia, documentos audiovisuais, etc.), seleccionadas pola s\u00faa especializaci\u00f3n en artes pl\u00e1sticas, artes aplicadas e oficios art\u00edsticos e tradicionais. Conta con m\u00e1is de 2.940 rexistros bibliogr\u00e1ficos e 58 t\u00edtulos de revistas. A este fondo uniuse recentemente o fondo bibliogr\u00e1fico do Centro de Artesan\u00eda Tradicional (CAT) composto por monograf\u00edas, publicaci\u00f3ns seriadas e folletos que poden sumar m\u00e1is de 300 rexistros.<\/p><p><a href=\"http:\/\/www.opacmeiga.rbgalicia.org\/Biblioteca.aspx?CodigoBiblioteca=POB032\"><strong style=\"color: #eabc34;\">O FONDO ART\u00cdSTICO NON BIBLIOGR\u00c1FICO<\/strong><\/a> formado por cadros, pezas escult\u00f3ricas, mobiliario, maquinaria, instrumentos, etc. Testemu\u00f1as dos 133 anos de historia transcorridos.<\/p><p>\u00a0<\/p><p><strong><strong>A nosa colecci\u00f3n pode consultarse a trav\u00e9s do <a style=\"text-transform: lowercase;\" href=\"https:\/\/rbgalicia.xunta.gal\/es\/catalogo-de-la-red-de-bibliotecas-publicas-de-galicia\" target=\"_blank\" rel=\"noopener\">Cat\u00e1logo da Rede de Bibliotecas P\u00fablicas de Galicia.<\/a> Tam\u00e9n se pode acceder directamente desde o noso blog aos cat\u00e1logos do <a style=\"text-transform: lowercase;\" href=\"http:\/\/www.opacmeiga.rbgalicia.org\/Biblioteca.aspx?CodigoBiblioteca=POB026\" target=\"_blank\" rel=\"noopener\">fondo hist\u00f3rico<\/a>, <a style=\"text-transform: lowercase;\" href=\"http:\/\/www.opacmeiga.rbgalicia.org\/Biblioteca.aspx?CodigoBiblioteca=POB030\" target=\"_blank\" rel=\"noopener\">fondo moderno<\/a> e <a style=\"text-transform: lowercase;\" href=\"http:\/\/www.opacmeiga.rbgalicia.org\/Biblioteca.aspx?CodigoBiblioteca=POB032\" target=\"_blank\" rel=\"noopener\">fondo hist\u00f3rico de publicaci\u00f3ns seriadas.<\/a><\/strong><\/strong><\/p>\t\t\t\t\t\t\t\t<\/div>\n\t\t\t\t<\/div>\n\t\t\t\t<div class=\"elementor-element elementor-element-8f0d7db elementor-widget elementor-widget-heading\" data-id=\"8f0d7db\" data-element_type=\"widget\" data-widget_type=\"heading.default\">\n\t\t\t\t<div class=\"elementor-widget-container\">\n\t\t\t\t\t<h2 class=\"elementor-heading-title elementor-size-default\">Servizos bibliotecarios<\/h2>\t\t\t\t<\/div>\n\t\t\t\t<\/div>\n\t\t\t\t<\/div>\n\t\t<div class=\"elementor-element elementor-element-3965dbb e-con-full e-flex e-con e-child\" data-id=\"3965dbb\" data-element_type=\"container\">\n\t\t\t\t<div class=\"elementor-element elementor-element-126b366 elementor-widget elementor-widget-text-editor\" data-id=\"126b366\" data-element_type=\"widget\" data-widget_type=\"text-editor.default\">\n\t\t\t\t<div class=\"elementor-widget-container\">\n\t\t\t\t\t\t\t\t\t<div><div>Os <b>servizos<\/b> que a nosa biblioteca ofrece aos seus usuarios incl\u00faen: o Servizo de Lectura en sala, o Pr\u00e9stamo a domicilio, Informaci\u00f3n bibliogr\u00e1fica e referencia, Formaci\u00f3n de usuarios, Extensi\u00f3n cultural, o Servizo da internet, e o Servizo Desideratas ou Suxesti\u00f3ns Bibliogr\u00e1ficas.<\/div><\/div><div><div>Desde o ano 2010 a Biblioteca ofrece os seus servizos ao p\u00fablico de forma continuada, permanece aberta 35 horas semanais en horario de ma\u00f1\u00e1 e tarde.\u00a0<\/div><\/div><div><div>Inicia a s\u00faa presenza na internet a trav\u00e9s do Blog <a href=\"https:\/\/bibliotecadaemao.blogspot.com\/\" target=\"_blank\" rel=\"noopener\">BIBLIOTECA DA EMAO<\/a>, das redes sociais (<a href=\"https:\/\/www.facebook.com\/bibliotecaemao\/\" target=\"_blank\" rel=\"noopener\">facebook<\/a> e <a href=\"https:\/\/twitter.com\/bibliotecaemao\" target=\"_blank\" rel=\"noopener\">twitter<\/a>) e a s\u00faa canle de <a href=\"https:\/\/www.youtube.com\/channel\/UC0qqp7G2JqGvN9WcVksymYA\/videos\" target=\"_blank\" rel=\"noopener\">Youtube.<\/a><\/div><\/div><div><div>Desde o ano 2015 a biblioteca conta cun novo Regulamento que define as condici\u00f3ns dos servizos prestados e dos seus espazos f\u00edsicos.<\/div><div><p align=\"justify\">Esta centenaria Biblioteca pres\u00e9ntase como un lugar aberto para a docencia e a aprendizaxe, un espazo adaptado aos \u00e1mbitos tecnol\u00f3xicos e \u00e1s novas necesidades, un servizo capaz de proporcionar \u00e1 comunidade educativa as competencias necesarias para o seu desenvolvemento na sociedade do co\u00f1ecemento, integrado no proxecto educativo da Escola e co funci\u00f3ns concretas de investigaci\u00f3n, apoio, colaboraci\u00f3n docente e de alfabetizaci\u00f3n na informaci\u00f3n.<\/p><\/div><\/div>\t\t\t\t\t\t\t\t<\/div>\n\t\t\t\t<\/div>\n\t\t\t\t<\/div>\n\t\t\t\t\t<\/div>\n\t\t\t\t<\/div>\n\t\t<div class=\"elementor-element elementor-element-f94e1c1 e-flex e-con-boxed e-con e-parent\" data-id=\"f94e1c1\" data-element_type=\"container\">\n\t\t\t\t\t<div class=\"e-con-inner\">\n\t\t<div class=\"elementor-element elementor-element-a8ef481 e-con-full e-flex e-con e-child\" data-id=\"a8ef481\" data-element_type=\"container\" data-settings=\"{&quot;background_background&quot;:&quot;classic&quot;}\">\n\t\t\t\t<div class=\"elementor-element elementor-element-d7f7c62 elementor-widget elementor-widget-heading\" data-id=\"d7f7c62\" data-element_type=\"widget\" data-widget_type=\"heading.default\">\n\t\t\t\t<div class=\"elementor-widget-container\">\n\t\t\t\t\t<h2 class=\"elementor-heading-title elementor-size-default\">A BIBLIOTECARIA<\/h2>\t\t\t\t<\/div>\n\t\t\t\t<\/div>\n\t\t\t\t<div class=\"elementor-element elementor-element-4dd680f elementor-widget elementor-widget-heading\" data-id=\"4dd680f\" data-element_type=\"widget\" data-widget_type=\"heading.default\">\n\t\t\t\t<div class=\"elementor-widget-container\">\n\t\t\t\t\t<h2 class=\"elementor-heading-title elementor-size-default\">Mar\u00eda Jes\u00fas Cuesta de Pedro (biblioteca.emao@vigo.org)<\/h2>\t\t\t\t<\/div>\n\t\t\t\t<\/div>\n\t\t\t\t<div class=\"elementor-element elementor-element-d4c3a05 elementor-widget elementor-widget-text-editor\" data-id=\"d4c3a05\" data-element_type=\"widget\" data-widget_type=\"text-editor.default\">\n\t\t\t\t<div class=\"elementor-widget-container\">\n\t\t\t\t\t\t\t\t\t<p>Licenciada en Xeograf\u00eda e Historia pola Universidade de Oviedo. Responsable da biblioteca da Escola Municipal de Artes e Oficios desde o ano 2010. Bibliotecaria vocacional, comecei a traballar neste \u00e1mbito no ano 1991, como t\u00e9cnico superior no Plan da Deputaci\u00f3n de Pontevedra para a organizaci\u00f3n dos arquivos das entidades locais da provincia. Entre os anos 2006 e 2010 fun de maneira intermitente bibliotecaria na Casa Galega da Cultura.<\/p><p>A mi\u00f1a primeira biblioteca p\u00fablica foi a Biblioteca P\u00fablica &#8220;Jovellanos&#8221; de Xix\u00f3n, un lugar tranquilo, un pouco escuro con cheiro a libro antigo, un amor a primeira vista que espertou a mi\u00f1a curiosidade; revisaba os estantes, acari\u00f1aba os libros sempre \u00e1 procura dunha historia interesante, desas que nos permiten viaxar no espazo e no tempo, en definitiva, so\u00f1ar.<\/p><p>Moitos anos despois as bibliotecas seguen espertando en min ese asombro, esa admiraci\u00f3n. Son lugares m\u00e1xicos, c\u00f3mo non van selo se pensamos que son espazos destinados a preservar e salvagardar o legado de todas aquelas persoas que ao longo da historia fixeron achegas significativas nas diferentes \u00e1reas do co\u00f1ecemento. Lugares que se proxectan cara ao futuro cunha marabillosa misi\u00f3n, garantir a igualdade de oportunidades dos cidad\u00e1ns no acceso \u00e1 informaci\u00f3n, convertidos en espazos de traballo, estudo e convivencia, onde hai cabida para a interculturalidade, a tolerancia e o intercambio de ideas. Un espazo p\u00fablico de aprendizaxe ao longo da vida.<\/p>\t\t\t\t\t\t\t\t<\/div>\n\t\t\t\t<\/div>\n\t\t\t\t<\/div>\n\t\t\t\t\t<\/div>\n\t\t\t\t<\/div>\n\t\t\t\t<\/div>\n\t\t","protected":false},"excerpt":{"rendered":"<p>A orixe da actual Biblioteca P\u00fablica Garc\u00eda Barb\u00f3n est\u00e1 estreitamente vinculada cos obxectivos perseguidos coa creaci\u00f3n da Escola de Artes e Oficios por unha sociedade de artes\u00e1ns chamada \u201cA Cooperativa\u201d, &#8230;<\/p>\n","protected":false},"author":8,"featured_media":0,"parent":0,"menu_order":0,"comment_status":"closed","ping_status":"closed","template":"template-blank-4.php","meta":{"footnotes":""},"class_list":["post-2643","page","type-page","status-publish","hentry","no-post-thumbnail"],"_links":{"self":[{"href":"https:\/\/demo.alenmultimedia.es\/emao\/wp-json\/wp\/v2\/pages\/2643","targetHints":{"allow":["GET"]}}],"collection":[{"href":"https:\/\/demo.alenmultimedia.es\/emao\/wp-json\/wp\/v2\/pages"}],"about":[{"href":"https:\/\/demo.alenmultimedia.es\/emao\/wp-json\/wp\/v2\/types\/page"}],"author":[{"embeddable":true,"href":"https:\/\/demo.alenmultimedia.es\/emao\/wp-json\/wp\/v2\/users\/8"}],"replies":[{"embeddable":true,"href":"https:\/\/demo.alenmultimedia.es\/emao\/wp-json\/wp\/v2\/comments?post=2643"}],"version-history":[{"count":152,"href":"https:\/\/demo.alenmultimedia.es\/emao\/wp-json\/wp\/v2\/pages\/2643\/revisions"}],"predecessor-version":[{"id":6341,"href":"https:\/\/demo.alenmultimedia.es\/emao\/wp-json\/wp\/v2\/pages\/2643\/revisions\/6341"}],"wp:attachment":[{"href":"https:\/\/demo.alenmultimedia.es\/emao\/wp-json\/wp\/v2\/media?parent=2643"}],"curies":[{"name":"wp","href":"https:\/\/api.w.org\/{rel}","templated":true}]}}