{"id":2068,"date":"2025-06-12T12:35:08","date_gmt":"2025-06-12T10:35:08","guid":{"rendered":"https:\/\/demo.alenmultimedia.es\/emao\/?page_id=2068"},"modified":"2026-02-09T17:25:57","modified_gmt":"2026-02-09T16:25:57","slug":"pintura","status":"publish","type":"page","link":"https:\/\/demo.alenmultimedia.es\/emao\/pintura\/","title":{"rendered":"Pintura"},"content":{"rendered":"\t\t<div data-elementor-type=\"wp-page\" data-elementor-id=\"2068\" class=\"elementor elementor-2068\" data-elementor-post-type=\"page\">\n\t\t\t\t<div class=\"elementor-element elementor-element-3bbfd1c e-flex e-con-boxed e-con e-parent\" data-id=\"3bbfd1c\" data-element_type=\"container\" data-settings=\"{&quot;background_background&quot;:&quot;slideshow&quot;,&quot;background_slideshow_gallery&quot;:[{&quot;id&quot;:2070,&quot;url&quot;:&quot;https:\\\/\\\/demo.alenmultimedia.es\\\/emao\\\/wp-content\\\/uploads\\\/2025\\\/06\\\/Foto-principal-2.jpg&quot;}],&quot;background_slideshow_loop&quot;:&quot;yes&quot;,&quot;background_slideshow_slide_duration&quot;:5000,&quot;background_slideshow_slide_transition&quot;:&quot;fade&quot;,&quot;background_slideshow_transition_duration&quot;:500}\">\n\t\t\t\t\t<div class=\"e-con-inner\">\n\t\t\t\t<div class=\"elementor-element elementor-element-185faaa elementor-widget elementor-widget-heading\" data-id=\"185faaa\" data-element_type=\"widget\" data-widget_type=\"heading.default\">\n\t\t\t\t<div class=\"elementor-widget-container\">\n\t\t\t\t\t<h2 class=\"elementor-heading-title elementor-size-default\">ESPECIALIDADE<\/h2>\t\t\t\t<\/div>\n\t\t\t\t<\/div>\n\t\t\t\t<div class=\"elementor-element elementor-element-8bc3288 elementor-widget elementor-widget-heading\" data-id=\"8bc3288\" data-element_type=\"widget\" data-widget_type=\"heading.default\">\n\t\t\t\t<div class=\"elementor-widget-container\">\n\t\t\t\t\t<h2 class=\"elementor-heading-title elementor-size-default\">Pintura<\/h2>\t\t\t\t<\/div>\n\t\t\t\t<\/div>\n\t\t\t\t\t<\/div>\n\t\t\t\t<\/div>\n\t\t<div class=\"elementor-element elementor-element-13feff3 e-flex e-con-boxed e-con e-parent\" data-id=\"13feff3\" data-element_type=\"container\" data-settings=\"{&quot;background_background&quot;:&quot;classic&quot;}\">\n\t\t\t\t\t<div class=\"e-con-inner\">\n\t\t\t\t<div class=\"elementor-element elementor-element-995bb47 elementor-widget elementor-widget-video\" data-id=\"995bb47\" data-element_type=\"widget\" data-settings=\"{&quot;video_type&quot;:&quot;hosted&quot;,&quot;autoplay&quot;:&quot;yes&quot;,&quot;loop&quot;:&quot;yes&quot;,&quot;play_on_mobile&quot;:&quot;yes&quot;,&quot;mute&quot;:&quot;yes&quot;,&quot;controls&quot;:&quot;yes&quot;}\" data-widget_type=\"video.default\">\n\t\t\t\t<div class=\"elementor-widget-container\">\n\t\t\t\t\t\t\t<div class=\"e-hosted-video elementor-wrapper elementor-open-inline\">\n\t\t\t\t\t<video class=\"elementor-video\" src=\"https:\/\/demo.alenmultimedia.es\/emao\/wp-content\/uploads\/2025\/07\/Aula-3.mp4\" autoplay=\"\" loop=\"\" controls=\"\" muted=\"muted\" playsinline=\"\" controlsList=\"nodownload\"><\/video>\n\t\t\t\t<\/div>\n\t\t\t\t\t\t<\/div>\n\t\t\t\t<\/div>\n\t\t\t\t\t<\/div>\n\t\t\t\t<\/div>\n\t\t<div class=\"elementor-element elementor-element-4a9bd4c e-flex e-con-boxed e-con e-parent\" data-id=\"4a9bd4c\" data-element_type=\"container\" data-settings=\"{&quot;background_background&quot;:&quot;classic&quot;}\">\n\t\t\t\t\t<div class=\"e-con-inner\">\n\t\t<div class=\"elementor-element elementor-element-865a16c e-con-full e-flex e-con e-child\" data-id=\"865a16c\" data-element_type=\"container\">\n\t\t\t\t<div class=\"elementor-element elementor-element-e03c0f3 e-n-tabs-mobile elementor-widget elementor-widget-n-tabs\" data-id=\"e03c0f3\" data-element_type=\"widget\" data-settings=\"{&quot;horizontal_scroll&quot;:&quot;disable&quot;}\" data-widget_type=\"nested-tabs.default\">\n\t\t\t\t<div class=\"elementor-widget-container\">\n\t\t\t\t\t\t\t<div class=\"e-n-tabs\" data-widget-number=\"235127027\" aria-label=\"Pestanas. Abrir elementos con Enter ou Espazo, pechar con Escape e navegar usando as teclas de frecha.\">\n\t\t\t<div class=\"e-n-tabs-heading\" role=\"tablist\">\n\t\t\t\t\t<button id=\"e-n-tab-title-2351270271\" class=\"e-n-tab-title\" aria-selected=\"true\" data-tab-index=\"1\" role=\"tab\" tabindex=\"0\" aria-controls=\"e-n-tab-content-2351270271\" style=\"--n-tabs-title-order: 1;\">\n\t\t\t\t\t\t<span class=\"e-n-tab-title-text\">\n\t\t\t\tTab Close Code\t\t\t<\/span>\n\t\t<\/button>\n\t\t\t\t<button id=\"e-n-tab-title-2351270272\" class=\"e-n-tab-title\" aria-selected=\"false\" data-tab-index=\"2\" role=\"tab\" tabindex=\"-1\" aria-controls=\"e-n-tab-content-2351270272\" style=\"--n-tabs-title-order: 2;\">\n\t\t\t\t\t\t<span class=\"e-n-tab-title-text\">\n\t\t\t\tA ESPECIALIDADE\t\t\t<\/span>\n\t\t<\/button>\n\t\t\t\t<button id=\"e-n-tab-title-2351270273\" class=\"e-n-tab-title\" aria-selected=\"false\" data-tab-index=\"3\" role=\"tab\" tabindex=\"-1\" aria-controls=\"e-n-tab-content-2351270273\" style=\"--n-tabs-title-order: 3;\">\n\t\t\t\t\t\t<span class=\"e-n-tab-title-text\">\n\t\t\t\tPROGRAMA\t\t\t<\/span>\n\t\t<\/button>\n\t\t\t\t<button id=\"e-n-tab-title-2351270274\" class=\"e-n-tab-title\" aria-selected=\"false\" data-tab-index=\"4\" role=\"tab\" tabindex=\"-1\" aria-controls=\"e-n-tab-content-2351270274\" style=\"--n-tabs-title-order: 4;\">\n\t\t\t\t\t\t<span class=\"e-n-tab-title-text\">\n\t\t\t\tACCESO\t\t\t<\/span>\n\t\t<\/button>\n\t\t\t\t<button id=\"e-n-tab-title-2351270275\" class=\"e-n-tab-title\" aria-selected=\"false\" data-tab-index=\"5\" role=\"tab\" tabindex=\"-1\" aria-controls=\"e-n-tab-content-2351270275\" style=\"--n-tabs-title-order: 5;\">\n\t\t\t\t\t\t<span class=\"e-n-tab-title-text\">\n\t\t\t\tMESTRE\t\t\t<\/span>\n\t\t<\/button>\n\t\t\t\t\t<\/div>\n\t\t\t<div class=\"e-n-tabs-content\">\n\t\t\t\t<div id=\"e-n-tab-content-2351270271\" role=\"tabpanel\" aria-labelledby=\"e-n-tab-title-2351270271\" data-tab-index=\"1\" style=\"--n-tabs-title-order: 1;\" class=\"e-active elementor-element elementor-element-62aceca e-flex e-con-boxed e-con e-child\" data-id=\"62aceca\" data-element_type=\"container\">\n\t\t\t\t\t<div class=\"e-con-inner\">\n\t\t\t\t\t<\/div>\n\t\t\t\t<\/div>\n\t\t<div id=\"e-n-tab-content-2351270272\" role=\"tabpanel\" aria-labelledby=\"e-n-tab-title-2351270272\" data-tab-index=\"2\" style=\"--n-tabs-title-order: 2;\" class=\" elementor-element elementor-element-4317079 e-con-full e-flex e-con e-child\" data-id=\"4317079\" data-element_type=\"container\">\n\t\t\t\t<div class=\"elementor-element elementor-element-fc201d1 elementor-widget elementor-widget-heading\" data-id=\"fc201d1\" data-element_type=\"widget\" data-widget_type=\"heading.default\">\n\t\t\t\t<div class=\"elementor-widget-container\">\n\t\t\t\t\t<h2 class=\"elementor-heading-title elementor-size-default\">A especialidade<\/h2>\t\t\t\t<\/div>\n\t\t\t\t<\/div>\n\t\t\t\t<div class=\"elementor-element elementor-element-b777c21 elementor-widget elementor-widget-text-editor\" data-id=\"b777c21\" data-element_type=\"widget\" data-widget_type=\"text-editor.default\">\n\t\t\t\t<div class=\"elementor-widget-container\">\n\t\t\t\t\t\t\t\t\t<p class=\"p1\">A pintura \u00e9 unha das formas de expresi\u00f3n art\u00edstica m\u00e1is antigas e fundamentais, que acompa\u00f1ou ao ser humano ao longo da s\u00faa historia. Esta arte diversa abarca unha ampla gama de creaci\u00f3ns sobre diversas superficies utilizando t\u00e9cnicas e materiais variados. A trav\u00e9s desta disciplina, os artistas poden comunicar mensaxes, conceptos e emoci\u00f3ns profundas, a mi\u00fado inefables. A pintura, como unha linguaxe visual, vai m\u00e1is al\u00f3 das barreiras culturais e ling\u00fc\u00edsticas, facilitando conexi\u00f3ns entre individuos de diferentes orixes e experiencias. O programa educativo do obradoiro de pintura ofrece unha experiencia integral que conecta teor\u00eda e pr\u00e1ctica, permitindo aos participantes desenvolver habilidades t\u00e9cnicas xunto cun entendemento profundo do contexto hist\u00f3rico e contempor\u00e1neo da arte. Ao fomentar a creatividade e a autoexpresi\u00f3n, o obradoiro axuda aos estudantes a forxar unha linguaxe persoal.<\/p><p class=\"p1\">A excelencia t\u00e9cnica e o rigor son piares da nosa metodolox\u00eda. A trav\u00e9s da pr\u00e1ctica continua e o desenvolvemento de habilidades, os estudantes aprender\u00e1n a avaliar e refinar o seu traballo, optimizando os seus resultados para alcanzar as s\u00faas metas art\u00edsticas. Proporcionamos aos estudantes as ferramentas necesarias para desenvolver a autonom\u00eda creativa, prepar\u00e1ndoos para enfrontar os desaf\u00edos que implica a creatividade.<\/p><p class=\"p1\">Ademais, o curso incl\u00fae unha formaci\u00f3n integral que abarca o estudo da historia da arte. Este co\u00f1ecemento \u00e9 vital para desenvolver un pensamento cr\u00edtico que lles permita aos estudantes contextualizar o seu traballo e apreciar a evoluci\u00f3n das correntes art\u00edsticas.<span class=\"Apple-converted-space\">\u00a0<\/span><\/p><p class=\"p1\">A relaci\u00f3n entre docente e estudante \u00e9 din\u00e1mica, favorecendo o intercambio de ideas e a retroalimentaci\u00f3n constante.<span class=\"Apple-converted-space\">\u00a0<\/span><\/p>\t\t\t\t\t\t\t\t<\/div>\n\t\t\t\t<\/div>\n\t\t\t\t<\/div>\n\t\t<div id=\"e-n-tab-content-2351270273\" role=\"tabpanel\" aria-labelledby=\"e-n-tab-title-2351270273\" data-tab-index=\"3\" style=\"--n-tabs-title-order: 3;\" class=\" elementor-element elementor-element-d1071c7 e-con-full e-flex e-con e-child\" data-id=\"d1071c7\" data-element_type=\"container\">\n\t\t\t\t<div class=\"elementor-element elementor-element-db26c2e elementor-widget elementor-widget-heading\" data-id=\"db26c2e\" data-element_type=\"widget\" data-widget_type=\"heading.default\">\n\t\t\t\t<div class=\"elementor-widget-container\">\n\t\t\t\t\t<h2 class=\"elementor-heading-title elementor-size-default\">Programa formativo<\/h2>\t\t\t\t<\/div>\n\t\t\t\t<\/div>\n\t\t\t\t<div class=\"elementor-element elementor-element-4b76928 elementor-widget elementor-widget-text-editor\" data-id=\"4b76928\" data-element_type=\"widget\" data-widget_type=\"text-editor.default\">\n\t\t\t\t<div class=\"elementor-widget-container\">\n\t\t\t\t\t\t\t\t\t<p class=\"p1\">O taller de pintura est\u00e1 dese\u00f1ado para ofrecer un espazo creativo no que os participantes poidan explorar m\u00faltiples t\u00e9cnicas art\u00edsticas, desenvolver un estilo persoal distintivo e adquirir co\u00f1ecementos profundos sobre a historia da arte.<\/p><p class=\"p1\">Este enfoque integral est\u00e1 orientado a fomentar tanto a creatividade individual como a comprensi\u00f3n do contexto hist\u00f3rico do medio pict\u00f3rico.<span class=\"Apple-converted-space\">\u00a0<\/span><\/p><p class=\"p1\"><span style=\"text-decoration: underline;\"><span class=\"s1\">T\u00e9cnicas Art\u00edsticas Tradicionais e Contempor\u00e1neas<\/span>:<\/span> Os estudantes explorar\u00e1n as diversas t\u00e9cnicas utilizadas ao longo da historia da pintura, desde a pintura rupestre ata os movementos contempor\u00e1neos, entendendo a s\u00faa influencia na arte actual. Os temas abarcar\u00e1n:<\/p><p class=\"p3\">&#8211; <b>Teor\u00eda da Cor<\/b>: Comprender as cores, as s\u00faas interacci\u00f3ns e harmon\u00edas \u00e9 fundamental. Ensinarase a roda de cores, a mestura de cores e como utilizalas para evocar emoci\u00f3ns e expresar conceptos.<br \/>&#8211; <b>Perspectiva<\/b>: Clave para lograr un ambiente tridimensional nunha pintura bidimensional, os estudantes aprender\u00e1n t\u00e9cnicas como a perspectiva lineal e atmosf\u00e9rica.<br \/>&#8211; <b>Volume e Clarescuro<\/b>: Manexar o volume e a luz \u00e9 esencial. A trav\u00e9s de exercicios pr\u00e1cticos, os alumnos aprender\u00e1n a representar formas tridimensionais utilizando sombras e luces.<br \/><b>&#8211; Historia das artes.<\/b><\/p><p class=\"p1\"><u><span class=\"s1\">T\u00e9cnicas de Pintura<\/span>:<\/u> Este compo\u00f1ente pr\u00e1ctico centrarase na aplicaci\u00f3n de diversas t\u00e9cnicas a trav\u00e9s de medios cl\u00e1sicos e modernos:<br \/><br \/>&#8211; <b>Acuarela<\/b>: Explorarase a t\u00e9cnica de acuarela, que permite crear efectos de transparencia e fluidez, controlando a auga e o pigmento.<br \/>&#8211; <b>T\u00e9mpera e Pastel<\/b>: Estas t\u00e9cnicas ofrecen texturas e acabados diferentes. A t\u00e9mpera permitir\u00e1 traballar en capas e crear cores vibrantes, mentres que o pastel facilitar\u00e1 a mestura intuitiva de cores.<br \/>&#8211; <b>T\u00e9cnicas Mixtas<\/b>: Os participantes introduciranse no mundo das t\u00e9cnicas mixtas, onde combinar\u00e1n diferentes medios para crear obras \u00fanicas. Aprender\u00e1n a integrar elementos como colaxe e tinta, fomentando a innovaci\u00f3n e o pensamento f\u00f3ra do convencional.<br \/>&#8211; <b>Acr\u00edlico<\/b>: Ao aprender sobre as propiedades do acr\u00edlico, os estudantes experimentar\u00e1n coa aplicaci\u00f3n desta vers\u00e1til t\u00e9cnica, creando diferentes efectos a trav\u00e9s de capas e ferramentas non tradicionais.<br \/>&#8211; <b>\u00d3leo<\/b>: Dedicaremos tempo considerable ao estudo do \u00f3leo, abarcando a preparaci\u00f3n de superficies e a aplicaci\u00f3n de capas<span class=\"Apple-converted-space\">\u00a0 <\/span>para crear profundidade.<\/p>\t\t\t\t\t\t\t\t<\/div>\n\t\t\t\t<\/div>\n\t\t\t\t<\/div>\n\t\t<div id=\"e-n-tab-content-2351270274\" role=\"tabpanel\" aria-labelledby=\"e-n-tab-title-2351270274\" data-tab-index=\"4\" style=\"--n-tabs-title-order: 4;\" class=\" elementor-element elementor-element-9f25c3e e-con-full e-flex e-con e-child\" data-id=\"9f25c3e\" data-element_type=\"container\">\n\t\t\t\t<div class=\"elementor-element elementor-element-2c2949e elementor-widget elementor-widget-heading\" data-id=\"2c2949e\" data-element_type=\"widget\" data-widget_type=\"heading.default\">\n\t\t\t\t<div class=\"elementor-widget-container\">\n\t\t\t\t\t<h2 class=\"elementor-heading-title elementor-size-default\">Estrutura da formaci\u00f3n e formas de acceso<\/h2>\t\t\t\t<\/div>\n\t\t\t\t<\/div>\n\t\t\t\t<div class=\"elementor-element elementor-element-3488069 elementor-widget elementor-widget-text-editor\" data-id=\"3488069\" data-element_type=\"widget\" data-widget_type=\"text-editor.default\">\n\t\t\t\t<div class=\"elementor-widget-container\">\n\t\t\t\t\t\t\t\t\t<p><strong>ITINERARIOS<br \/><\/strong>A especialidade de <b>Pintura<\/b> pode realizarse seguindo dous itinerarios: en <b>horario de tarde<\/b> ou en <b>horario de ma\u00f1\u00e1<\/b>. Nos dous itinerarios a asistencia \u00e9 obrigatoria, danse os mesmos contidos e s\u00e9guese unha mesma metodolox\u00eda. A distribuci\u00f3n da carga horaria \u00e9 diferente. Deste xeito:<\/p><p><strong>\u2014 Horario de tarde <\/strong>(3 cursos, 525 horas). Conf\u00f3rmase cos seguintes niveis:<br \/><strong>Nivel B\u00e1sico (1o curso): <\/strong>175 horas distribu\u00eddas nun d\u00eda \u00e1 semana, en horario de 16.00h a 21.00h<br \/><b>Nivel Medio<\/b><strong> (2o curso):<\/strong> 175 horas distribu\u00eddas nun d\u00eda \u00e1 semana, en horario de 16.00h a 21.00h<span class=\"Apple-converted-space\">\u00a0<br \/><\/span><strong>Nivel Superior (3o Curso): <\/strong>175 horas distribu\u00eddas nun d\u00eda \u00e1 semana, en horario de 16.00h a 21.00h<\/p><p><strong>\u2014 Horario de ma\u00f1a <\/strong>(3 cursos, 432 horas). Conf\u00f3rmase cos seguintes niveis:<br \/><strong>Nivel Iniciaci\u00f3n (1o curso): <\/strong>144 horas distribu\u00eddas en dous d\u00edas \u00e1 semana (de 10.00h a 12.00h)<br \/><strong>Nivel Perfeccionamento I (2o curso): <\/strong>144 horas distribu\u00eddas en dous d\u00edas \u00e1 semana (de 10.00h a 12.00h)<br \/><strong>Nivel Perfeccionamento II (3o curso): <\/strong>144 horas distribu\u00eddas en dous d\u00edas \u00e1 semana (de 10.00h a 12.00h)<\/p><p class=\"p1\"><b>Nivel Avanzado<\/b>: pode optar o alumnado que supere o \u00faltimo curso da especialidade (ou aspirantes con co\u00f1ecementos homologables). Requ\u00edrese a presentaci\u00f3n e aprobaci\u00f3n dun proxecto persoal a realizar durante este nivel, de un curso de duraci\u00f3n e cunha carga horaria de 70 horas obrigatorias, que se desenvolven, en r\u00e9xime de titor\u00eda, os venres de 16.00h a 18.00h.<\/p><p><strong>ACCESO do alumnado<br \/><\/strong><\/p><p class=\"p1\">En cada <b>Convocatoria Xeral Anual<\/b>, a EMAO concreta a s\u00faa <span class=\"s1\">oferta formativa<\/span>, coas <span class=\"s1\">caracter\u00edsticas<\/span>, <span class=\"s1\">prazos<\/span> e <span class=\"s1\">especificaci\u00f3ns<\/span> necesarias para o <b>acceso do alumnado<\/b> interesado, tendo sempre en conta a preferencia para as persoas empadroadas na cidade de Vigo.<\/p><p class=\"p1\">Para a especialidade de <b>Pintura<\/b>, no suposto de que o n\u00famero de solicitantes nestes niveis sexa superior ao n\u00famero de prazas ofertadas, farase un <b>sorteo p\u00fablico<\/b>.<\/p><p class=\"p1\">De xeito excepcional, as persoas interesadas (tanto de novo ingreso como xa matriculadas) poder\u00e1n solicitar o <b>acceso por Convalidaci\u00f3n<\/b> dun nivel completo dunha especialidade. Para poder optar a esta posibilidade deber\u00e1 o interesado presentar unha solicitude motivada na que amose que pos\u00fae os co\u00f1ecementos, aptitude e experiencia abonda para saltar un nivel. Esta posibilidade est\u00e1 condicionada \u00e1 existencia de vacantes no nivel que se solicite. A solicitude ser\u00e1 resolta pola direcci\u00f3n do Centro previo informe do mestre da especialidade e da xefatura de estudos. Se \u00e9 o caso, poder\u00e1 esixirse unha proba pr\u00e1ctica previa. <\/p>\t\t\t\t\t\t\t\t<\/div>\n\t\t\t\t<\/div>\n\t\t\t\t<\/div>\n\t\t<div id=\"e-n-tab-content-2351270275\" role=\"tabpanel\" aria-labelledby=\"e-n-tab-title-2351270275\" data-tab-index=\"5\" style=\"--n-tabs-title-order: 5;\" class=\" elementor-element elementor-element-edeeebf e-con-full e-flex e-con e-child\" data-id=\"edeeebf\" data-element_type=\"container\">\n\t\t\t\t<div class=\"elementor-element elementor-element-a2c1518 elementor-widget elementor-widget-heading\" data-id=\"a2c1518\" data-element_type=\"widget\" data-widget_type=\"heading.default\">\n\t\t\t\t<div class=\"elementor-widget-container\">\n\t\t\t\t\t<h2 class=\"elementor-heading-title elementor-size-default\">Informaci\u00f3n do mestre da especialidade<\/h2>\t\t\t\t<\/div>\n\t\t\t\t<\/div>\n\t\t\t\t<div class=\"elementor-element elementor-element-e05a871 elementor-widget elementor-widget-text-editor\" data-id=\"e05a871\" data-element_type=\"widget\" data-widget_type=\"text-editor.default\">\n\t\t\t\t<div class=\"elementor-widget-container\">\n\t\t\t\t\t\t\t\t\t<p class=\"p1\"><strong>Dar\u00edo \u00c1lvarez Basso (dario.alvarez@vigo.org)<\/strong><\/p><p class=\"p1\">A mi\u00f1a traxectoria esta representada en 31 museos nacionais e internacionais, como o Museo Nacional Reina Sofia de Madrid, o Museo Galego de Arte Contempor\u00e1nea ou o Museo de Pontevedra. Titular de 19 bolsas e premios, entre os que destacan a Bolsa Fullbright, a Real Academia Espa\u00f1ola en Roma ou o Premio Nacional \u201cEl ojo cr\u00edtico\u201d.<\/p><p class=\"p4\">77 exposici\u00f3ns individuais realizadas en Espa\u00f1a e no estranxeiro, nas que se incl\u00faen 3 retrospectivas.<\/p>\t\t\t\t\t\t\t\t<\/div>\n\t\t\t\t<\/div>\n\t\t\t\t<\/div>\n\t\t\t\t\t<\/div>\n\t\t<\/div>\n\t\t\t\t\t\t<\/div>\n\t\t\t\t<\/div>\n\t\t\t\t<\/div>\n\t\t\t\t\t<\/div>\n\t\t\t\t<\/div>\n\t\t<div class=\"elementor-element elementor-element-e1d96f3 e-flex e-con-boxed e-con e-parent\" data-id=\"e1d96f3\" data-element_type=\"container\" data-settings=\"{&quot;background_background&quot;:&quot;classic&quot;}\">\n\t\t\t\t\t<div class=\"e-con-inner\">\n\t\t\t\t<div class=\"elementor-element elementor-element-7a94f38 elementor--h-position-center elementor--v-position-middle elementor-arrows-position-inside elementor-pagination-position-inside elementor-widget elementor-widget-slides\" data-id=\"7a94f38\" data-element_type=\"widget\" data-settings=\"{&quot;autoplay_speed&quot;:2500,&quot;navigation&quot;:&quot;both&quot;,&quot;autoplay&quot;:&quot;yes&quot;,&quot;pause_on_hover&quot;:&quot;yes&quot;,&quot;pause_on_interaction&quot;:&quot;yes&quot;,&quot;infinite&quot;:&quot;yes&quot;,&quot;transition&quot;:&quot;slide&quot;,&quot;transition_speed&quot;:500}\" data-widget_type=\"slides.default\">\n\t\t\t\t<div class=\"elementor-widget-container\">\n\t\t\t\t\t\t\t\t\t<div class=\"elementor-swiper\">\n\t\t\t\t\t<div class=\"elementor-slides-wrapper elementor-main-swiper swiper\" role=\"region\" aria-roledescription=\"carousel\" aria-label=\"Slides\" dir=\"ltr\" data-animation=\"fadeInUp\">\n\t\t\t\t<div class=\"swiper-wrapper elementor-slides\">\n\t\t\t\t\t\t\t\t\t\t<div class=\"elementor-repeater-item-aefe071 swiper-slide\" role=\"group\" aria-roledescription=\"slide\"><div class=\"swiper-slide-bg\" role=\"img\"><\/div><div class=\"swiper-slide-inner\" ><div class=\"swiper-slide-contents\"><\/div><\/div><\/div><div class=\"elementor-repeater-item-e2a00f4 swiper-slide\" role=\"group\" aria-roledescription=\"slide\"><div class=\"swiper-slide-bg\" role=\"img\"><\/div><div class=\"swiper-slide-inner\" ><div class=\"swiper-slide-contents\"><\/div><\/div><\/div><div class=\"elementor-repeater-item-f0a358e swiper-slide\" role=\"group\" aria-roledescription=\"slide\"><div class=\"swiper-slide-bg\" role=\"img\"><\/div><div class=\"swiper-slide-inner\" ><div class=\"swiper-slide-contents\"><\/div><\/div><\/div><div class=\"elementor-repeater-item-5919a06 swiper-slide\" role=\"group\" aria-roledescription=\"slide\"><div class=\"swiper-slide-bg\" role=\"img\"><\/div><div class=\"swiper-slide-inner\" ><div class=\"swiper-slide-contents\"><\/div><\/div><\/div>\t\t\t\t<\/div>\n\t\t\t\t\t\t\t\t\t\t\t\t\t\t\t<div class=\"elementor-swiper-button elementor-swiper-button-prev\" role=\"button\" tabindex=\"0\" aria-label=\"Previous slide\">\n\t\t\t\t\t\t\t<svg aria-hidden=\"true\" class=\"e-font-icon-svg e-eicon-chevron-left\" viewBox=\"0 0 1000 1000\" xmlns=\"http:\/\/www.w3.org\/2000\/svg\"><path d=\"M646 125C629 125 613 133 604 142L308 442C296 454 292 471 292 487 292 504 296 521 308 533L604 854C617 867 629 875 646 875 663 875 679 871 692 858 704 846 713 829 713 812 713 796 708 779 692 767L438 487 692 225C700 217 708 204 708 187 708 171 704 154 692 142 675 129 663 125 646 125Z\"><\/path><\/svg>\t\t\t\t\t\t<\/div>\n\t\t\t\t\t\t<div class=\"elementor-swiper-button elementor-swiper-button-next\" role=\"button\" tabindex=\"0\" aria-label=\"Next slide\">\n\t\t\t\t\t\t\t<svg aria-hidden=\"true\" class=\"e-font-icon-svg e-eicon-chevron-right\" viewBox=\"0 0 1000 1000\" xmlns=\"http:\/\/www.w3.org\/2000\/svg\"><path d=\"M696 533C708 521 713 504 713 487 713 471 708 454 696 446L400 146C388 133 375 125 354 125 338 125 325 129 313 142 300 154 292 171 292 187 292 204 296 221 308 233L563 492 304 771C292 783 288 800 288 817 288 833 296 850 308 863 321 871 338 875 354 875 371 875 388 867 400 854L696 533Z\"><\/path><\/svg>\t\t\t\t\t\t<\/div>\n\t\t\t\t\t\t\t\t\t\t\t\t\t\t\t\t<div class=\"swiper-pagination\"><\/div>\n\t\t\t\t\t\t\t\t\t\t\t\t<\/div>\n\t\t\t\t<\/div>\n\t\t\t\t\t\t\t\t<\/div>\n\t\t\t\t<\/div>\n\t\t\t\t\t<\/div>\n\t\t\t\t<\/div>\n\t\t<div class=\"elementor-element elementor-element-5fa807d e-flex e-con-boxed e-con e-parent\" data-id=\"5fa807d\" data-element_type=\"container\">\n\t\t\t\t\t<div class=\"e-con-inner\">\n\t\t\t\t<div class=\"elementor-element elementor-element-422e47b elementor-widget elementor-widget-search\" data-id=\"422e47b\" data-element_type=\"widget\" data-settings=\"{&quot;submit_trigger&quot;:&quot;click_submit&quot;,&quot;pagination_type_options&quot;:&quot;none&quot;}\" data-widget_type=\"search.default\">\n\t\t\t\t<div class=\"elementor-widget-container\">\n\t\t\t\t\t\t\t<search class=\"e-search hidden\" role=\"search\">\n\t\t\t<form class=\"e-search-form\" action=\"https:\/\/demo.alenmultimedia.es\/emao\" method=\"get\">\n\n\t\t\t\t\n\t\t\t\t<label class=\"e-search-label\" for=\"search-422e47b\">\n\t\t\t\t\t<span class=\"elementor-screen-only\">\n\t\t\t\t\t\tSearch\t\t\t\t\t<\/span>\n\t\t\t\t\t\t\t\t\t<\/label>\n\n\t\t\t\t<div class=\"e-search-input-wrapper\">\n\t\t\t\t\t<input id=\"search-422e47b\" placeholder=\"Busca novas aqu\u00ed...\" class=\"e-search-input\" type=\"search\" name=\"s\" value=\"\" autocomplete=\"off\" role=\"combobox\" aria-autocomplete=\"list\" aria-expanded=\"false\" aria-controls=\"results-422e47b\" aria-haspopup=\"listbox\">\n\t\t\t\t\t<svg aria-hidden=\"true\" class=\"e-font-icon-svg e-fas-times\" viewBox=\"0 0 352 512\" xmlns=\"http:\/\/www.w3.org\/2000\/svg\"><path d=\"M242.72 256l100.07-100.07c12.28-12.28 12.28-32.19 0-44.48l-22.24-22.24c-12.28-12.28-32.19-12.28-44.48 0L176 189.28 75.93 89.21c-12.28-12.28-32.19-12.28-44.48 0L9.21 111.45c-12.28 12.28-12.28 32.19 0 44.48L109.28 256 9.21 356.07c-12.28 12.28-12.28 32.19 0 44.48l22.24 22.24c12.28 12.28 32.2 12.28 44.48 0L176 322.72l100.07 100.07c12.28 12.28 32.2 12.28 44.48 0l22.24-22.24c12.28-12.28 12.28-32.19 0-44.48L242.72 256z\"><\/path><\/svg>\t\t\t\t\t\t\t\t\t\t<output id=\"results-422e47b\" class=\"e-search-results-container hide-loader\" aria-live=\"polite\" aria-atomic=\"true\" aria-label=\"Results for search\" tabindex=\"0\">\n\t\t\t\t\t\t<div class=\"e-search-results\"><\/div>\n\t\t\t\t\t\t\t\t\t\t\t<\/output>\n\t\t\t\t\t\t\t\t\t<\/div>\n\t\t\t\t\n\t\t\t\t\n\t\t\t\t<button class=\"e-search-submit  \" type=\"submit\">\n\t\t\t\t\t\n\t\t\t\t\t\t\t\t\t\t<span class=\"\">\n\t\t\t\t\t\tBUSCAR\t\t\t\t\t<\/span>\n\t\t\t\t\t\t\t\t\t<\/button>\n\t\t\t\t<input type=\"hidden\" name=\"e_search_props\" value=\"422e47b-2068\">\n\t\t\t<\/form>\n\t\t<\/search>\n\t\t\t\t\t\t<\/div>\n\t\t\t\t<\/div>\n\t\t\t\t\t<\/div>\n\t\t\t\t<\/div>\n\t\t\t\t<\/div>\n\t\t","protected":false},"excerpt":{"rendered":"<p>ESPECIALIDADE Pintura Tab Close Code A ESPECIALIDADE PROGRAMA ACCESO MESTRE A especialidade A pintura \u00e9 unha das formas de expresi\u00f3n art\u00edstica m\u00e1is antigas e fundamentais, que acompa\u00f1ou ao ser humano &#8230;<\/p>\n","protected":false},"author":8,"featured_media":0,"parent":0,"menu_order":0,"comment_status":"closed","ping_status":"closed","template":"template-blank-4.php","meta":{"footnotes":""},"class_list":["post-2068","page","type-page","status-publish","hentry","no-post-thumbnail"],"_links":{"self":[{"href":"https:\/\/demo.alenmultimedia.es\/emao\/wp-json\/wp\/v2\/pages\/2068","targetHints":{"allow":["GET"]}}],"collection":[{"href":"https:\/\/demo.alenmultimedia.es\/emao\/wp-json\/wp\/v2\/pages"}],"about":[{"href":"https:\/\/demo.alenmultimedia.es\/emao\/wp-json\/wp\/v2\/types\/page"}],"author":[{"embeddable":true,"href":"https:\/\/demo.alenmultimedia.es\/emao\/wp-json\/wp\/v2\/users\/8"}],"replies":[{"embeddable":true,"href":"https:\/\/demo.alenmultimedia.es\/emao\/wp-json\/wp\/v2\/comments?post=2068"}],"version-history":[{"count":18,"href":"https:\/\/demo.alenmultimedia.es\/emao\/wp-json\/wp\/v2\/pages\/2068\/revisions"}],"predecessor-version":[{"id":6215,"href":"https:\/\/demo.alenmultimedia.es\/emao\/wp-json\/wp\/v2\/pages\/2068\/revisions\/6215"}],"wp:attachment":[{"href":"https:\/\/demo.alenmultimedia.es\/emao\/wp-json\/wp\/v2\/media?parent=2068"}],"curies":[{"name":"wp","href":"https:\/\/api.w.org\/{rel}","templated":true}]}}